{"id":937,"date":"2025-11-24T23:34:10","date_gmt":"2025-11-24T23:34:10","guid":{"rendered":"https:\/\/mistech.de\/index.php\/home\/"},"modified":"2026-04-16T01:05:43","modified_gmt":"2026-04-16T01:05:43","slug":"home","status":"publish","type":"page","link":"https:\/\/mistech.de\/","title":{"rendered":"Home"},"content":{"rendered":"\t\t<div data-elementor-type=\"wp-page\" data-elementor-id=\"937\" class=\"elementor elementor-937\">\n\t\t\t\t<div class=\"elementor-element elementor-element-66ec93a e-con-full e-flex e-con e-parent\" data-id=\"66ec93a\" data-element_type=\"container\" data-e-type=\"container\" data-settings=\"{&quot;background_background&quot;:&quot;classic&quot;}\">\n\t\t\t\t<div class=\"elementor-element elementor-element-62d30a0 elementor-widget__width-auto elementor-widget-mobile__width-auto elementor-widget elementor-widget-heading\" data-id=\"62d30a0\" data-element_type=\"widget\" data-e-type=\"widget\" data-widget_type=\"heading.default\">\n\t\t\t\t\t<h2 class=\"elementor-heading-title elementor-size-default\">Ersatzteile &amp; Zubeh\u00f6r <br>f\u00fcr Smartphones<\/h2>\t\t\t\t<\/div>\n\t\t\t\t<div class=\"elementor-element elementor-element-6b242aa elementor-align-center elementor-widget-mobile__width-auto elementor-widget elementor-widget-button\" data-id=\"6b242aa\" data-element_type=\"widget\" data-e-type=\"widget\" data-widget_type=\"button.default\">\n\t\t\t\t\t\t\t\t\t\t<a class=\"elementor-button elementor-button-link elementor-size-sm\" href=\"#\">\n\t\t\t\t\t\t<span class=\"elementor-button-content-wrapper\">\n\t\t\t\t\t\t\t\t\t<span class=\"elementor-button-text\">Jetzt Produkte ansehen<\/span>\n\t\t\t\t\t<\/span>\n\t\t\t\t\t<\/a>\n\t\t\t\t\t\t\t\t<\/div>\n\t\t\t\t<div class=\"elementor-element elementor-element-3a159b5 elementor-widget elementor-widget-text-editor\" data-id=\"3a159b5\" data-element_type=\"widget\" data-e-type=\"widget\" data-widget_type=\"text-editor.default\">\n\t\t\t\t\t\t\t\t\t<p data-start=\"1045\" data-end=\"1131\">Hochwertige Smartphone-Ersatzteile mit schneller Lieferung \u2013 f\u00fcr H\u00e4ndler und Werkst\u00e4tten.<\/p>\t\t\t\t\t\t\t\t<\/div>\n\t\t\t\t<\/div>\n\t\t\t\t<\/div>\n\t\t","protected":false},"excerpt":{"rendered":"<p>Ersatzteile &amp; Zubeh\u00f6r f\u00fcr Smartphones Jetzt Produkte ansehen Hochwertige Smartphone-Ersatzteile mit schneller Lieferung \u2013 f\u00fcr H\u00e4ndler und Werkst\u00e4tten.<\/p>\n","protected":false},"author":1,"featured_media":0,"parent":0,"menu_order":0,"comment_status":"closed","ping_status":"closed","template":"elementor_canvas","meta":{"footnotes":""},"class_list":["post-937","page","type-page","status-publish","hentry"],"jetpack_sharing_enabled":true,"_links":{"self":[{"href":"https:\/\/mistech.de\/index.php\/wp-json\/wp\/v2\/pages\/937","targetHints":{"allow":["GET"]}}],"collection":[{"href":"https:\/\/mistech.de\/index.php\/wp-json\/wp\/v2\/pages"}],"about":[{"href":"https:\/\/mistech.de\/index.php\/wp-json\/wp\/v2\/types\/page"}],"author":[{"embeddable":true,"href":"https:\/\/mistech.de\/index.php\/wp-json\/wp\/v2\/users\/1"}],"replies":[{"embeddable":true,"href":"https:\/\/mistech.de\/index.php\/wp-json\/wp\/v2\/comments?post=937"}],"version-history":[{"count":117,"href":"https:\/\/mistech.de\/index.php\/wp-json\/wp\/v2\/pages\/937\/revisions"}],"predecessor-version":[{"id":10915,"href":"https:\/\/mistech.de\/index.php\/wp-json\/wp\/v2\/pages\/937\/revisions\/10915"}],"wp:attachment":[{"href":"https:\/\/mistech.de\/index.php\/wp-json\/wp\/v2\/media?parent=937"}],"curies":[{"name":"wp","href":"https:\/\/api.w.org\/{rel}","templated":true}]}}